{"id":6033,"date":"2025-06-26T12:39:53","date_gmt":"2025-06-26T10:39:53","guid":{"rendered":"https:\/\/recas.dragster.digital\/services\/manufacturing\/"},"modified":"2025-07-02T21:45:01","modified_gmt":"2025-07-02T19:45:01","slug":"manufacturing","status":"publish","type":"page","link":"https:\/\/recas.dragster.digital\/en\/services\/manufacturing\/","title":{"rendered":"Manufacturing"},"content":{"rendered":"\t\t<div data-elementor-type=\"wp-page\" data-elementor-id=\"6033\" class=\"elementor elementor-6033 elementor-687\" data-elementor-post-type=\"page\">\n\t\t\t\t<div class=\"elementor-element elementor-element-25eac87 e-con-full e-flex e-con e-parent\" data-id=\"25eac87\" data-element_type=\"container\">\n\t\t\t\t<div class=\"elementor-element elementor-element-373a275 elementor-widget elementor-widget-shortcode\" data-id=\"373a275\" data-element_type=\"widget\" data-widget_type=\"shortcode.default\">\n\t\t\t\t<div class=\"elementor-widget-container\">\n\t\t\t\t\t\t\t<div class=\"elementor-shortcode\">\t\t<div data-elementor-type=\"container\" data-elementor-id=\"1041\" class=\"elementor elementor-1041\" data-elementor-post-type=\"elementor_library\">\n\t\t\t\t<div class=\"elementor-element elementor-element-195f1335 e-flex e-con-boxed e-con e-parent\" data-id=\"195f1335\" data-element_type=\"container\" data-settings=\"{&quot;background_background&quot;:&quot;classic&quot;}\">\n\t\t\t\t\t<div class=\"e-con-inner\">\n\t\t\t\t<div class=\"elementor-element elementor-element-d7ca764 elementor-align-left elementor-widget elementor-widget-breadcrumbs\" data-id=\"d7ca764\" data-element_type=\"widget\" data-widget_type=\"breadcrumbs.default\">\n\t\t\t\t<div class=\"elementor-widget-container\">\n\t\t\t\t\t<p id=\"breadcrumbs\"><span><span><a href=\"https:\/\/recas.dragster.digital\/en\/home\/\">Home<\/a><\/span><\/span><\/p>\t\t\t\t<\/div>\n\t\t\t\t<\/div>\n\t\t\t\t<div class=\"elementor-element elementor-element-339c2551 elementor-invisible elementor-widget elementor-widget-heading\" data-id=\"339c2551\" data-element_type=\"widget\" data-settings=\"{&quot;_animation&quot;:&quot;fadeIn&quot;}\" data-widget_type=\"heading.default\">\n\t\t\t\t<div class=\"elementor-widget-container\">\n\t\t\t\t\t<h1 class=\"elementor-heading-title elementor-size-default\">Manufacturing<\/h1>\t\t\t\t<\/div>\n\t\t\t\t<\/div>\n\t\t\t\t<div class=\"elementor-element elementor-element-70605eaf elementor-widget__width-initial elementor-invisible elementor-widget elementor-widget-heading\" data-id=\"70605eaf\" data-element_type=\"widget\" data-settings=\"{&quot;_animation&quot;:&quot;fadeIn&quot;}\" data-widget_type=\"heading.default\">\n\t\t\t\t<div class=\"elementor-widget-container\">\n\t\t\t\t\t<h2 class=\"elementor-heading-title elementor-size-default\">Med en stark koppling mellan ingenj\u00f6rskonst och praktiskt genomf\u00f6rande tar vi id\u00e9er till f\u00e4rdig produkt utan problem.<\/h2>\t\t\t\t<\/div>\n\t\t\t\t<\/div>\n\t\t\t\t\t<\/div>\n\t\t\t\t<\/div>\n\t\t\t\t<\/div>\n\t\t<\/div>\n\t\t\t\t\t\t<\/div>\n\t\t\t\t<\/div>\n\t\t\t\t<\/div>\n\t\t<div class=\"elementor-element elementor-element-4bcb679 e-grid e-con-boxed e-con e-parent\" data-id=\"4bcb679\" data-element_type=\"container\" data-settings=\"{&quot;background_background&quot;:&quot;classic&quot;}\">\n\t\t\t\t\t<div class=\"e-con-inner\">\n\t\t\t\t<div class=\"elementor-element elementor-element-0f0136e elementor-widget elementor-widget-image\" data-id=\"0f0136e\" data-element_type=\"widget\" data-widget_type=\"image.default\">\n\t\t\t\t<div class=\"elementor-widget-container\">\n\t\t\t\t\t\t\t\t\t\t\t\t\t\t\t<img fetchpriority=\"high\" decoding=\"async\" width=\"800\" height=\"800\" src=\"https:\/\/recas.dragster.digital\/wp-content\/uploads\/2025\/07\/Recas-manufacturing-car-Square-1-1024x1024.webp\" class=\"attachment-large size-large wp-image-5939\" alt=\"\" srcset=\"https:\/\/recas.dragster.digital\/wp-content\/uploads\/2025\/07\/Recas-manufacturing-car-Square-1-1024x1024.webp 1024w, https:\/\/recas.dragster.digital\/wp-content\/uploads\/2025\/07\/Recas-manufacturing-car-Square-1-300x300.webp 300w, https:\/\/recas.dragster.digital\/wp-content\/uploads\/2025\/07\/Recas-manufacturing-car-Square-1-150x150.webp 150w, https:\/\/recas.dragster.digital\/wp-content\/uploads\/2025\/07\/Recas-manufacturing-car-Square-1-768x768.webp 768w, https:\/\/recas.dragster.digital\/wp-content\/uploads\/2025\/07\/Recas-manufacturing-car-Square-1.webp 1365w\" sizes=\"(max-width: 800px) 100vw, 800px\" \/>\t\t\t\t\t\t\t\t\t\t\t\t\t\t\t<\/div>\n\t\t\t\t<\/div>\n\t\t<div class=\"elementor-element elementor-element-1f72e0b e-con-full e-flex e-con e-child\" data-id=\"1f72e0b\" data-element_type=\"container\">\n\t\t\t\t<div class=\"elementor-element elementor-element-32ded84 elementor-widget__width-inherit elementor-widget elementor-widget-heading\" data-id=\"32ded84\" data-element_type=\"widget\" data-widget_type=\"heading.default\">\n\t\t\t\t<div class=\"elementor-widget-container\">\n\t\t\t\t\t<h2 class=\"elementor-heading-title elementor-size-default\">Engineering Power for Bold Ideas<\/h2>\t\t\t\t<\/div>\n\t\t\t\t<\/div>\n\t\t\t\t<div class=\"elementor-element elementor-element-6a6fea8 elementor-widget elementor-widget-heading\" data-id=\"6a6fea8\" data-element_type=\"widget\" data-widget_type=\"heading.default\">\n\t\t\t\t<div class=\"elementor-widget-container\">\n\t\t\t\t\t<p class=\"elementor-heading-title elementor-size-default\">Manufacturing is shaped by constant innovation, high production demands, and ever-changing needs. At Recas, we have a unique strength: we know how to manage projects, build, assemble, test, and scale. With our ability to connect engineering expertise with practical execution, we power your business \u2013 from first idea to finished reality.  <\/p>\t\t\t\t<\/div>\n\t\t\t\t<\/div>\n\t\t\t\t<\/div>\n\t\t\t\t\t<\/div>\n\t\t\t\t<\/div>\n\t\t<div class=\"elementor-element elementor-element-9a7287b e-grid e-con-boxed e-con e-parent\" data-id=\"9a7287b\" data-element_type=\"container\">\n\t\t\t\t\t<div class=\"e-con-inner\">\n\t\t\t\t<div class=\"elementor-element elementor-element-4a87947 elementor-widget elementor-widget-heading\" data-id=\"4a87947\" data-element_type=\"widget\" data-widget_type=\"heading.default\">\n\t\t\t\t<div class=\"elementor-widget-container\">\n\t\t\t\t\t<h1 class=\"elementor-heading-title elementor-size-default\">From Design to Commissioning<\/h1>\t\t\t\t<\/div>\n\t\t\t\t<\/div>\n\t\t\t\t<div class=\"elementor-element elementor-element-f037b44 elementor-widget elementor-widget-heading\" data-id=\"f037b44\" data-element_type=\"widget\" data-widget_type=\"heading.default\">\n\t\t\t\t<div class=\"elementor-widget-container\">\n\t\t\t\t\t<p class=\"elementor-heading-title elementor-size-default\">With experience from the automotive, automation, and manufacturing industries, we deliver complete solutions \u2013 from fixtures and rigs to full production lines and robot integrations.<\/p>\t\t\t\t<\/div>\n\t\t\t\t<\/div>\n\t\t\t\t\t<\/div>\n\t\t\t\t<\/div>\n\t\t<div class=\"elementor-element elementor-element-c0d2a18 e-flex e-con-boxed e-con e-parent\" data-id=\"c0d2a18\" data-element_type=\"container\" data-settings=\"{&quot;background_background&quot;:&quot;classic&quot;}\">\n\t\t\t\t\t<div class=\"e-con-inner\">\n\t\t<div class=\"elementor-element elementor-element-cfc8d8d e-con-full e-grid e-con e-child\" data-id=\"cfc8d8d\" data-element_type=\"container\" data-settings=\"{&quot;background_background&quot;:&quot;classic&quot;}\">\n\t\t\t\t<div class=\"elementor-element elementor-element-4f78828 elementor-widget elementor-widget-heading\" data-id=\"4f78828\" data-element_type=\"widget\" data-widget_type=\"heading.default\">\n\t\t\t\t<div class=\"elementor-widget-container\">\n\t\t\t\t\t<h2 class=\"elementor-heading-title elementor-size-default\">Our Production Services<\/h2>\t\t\t\t<\/div>\n\t\t\t\t<\/div>\n\t\t\t\t<div class=\"elementor-element elementor-element-4638418 elementor-icon-list--layout-traditional elementor-list-item-link-full_width elementor-widget elementor-widget-icon-list\" data-id=\"4638418\" data-element_type=\"widget\" data-widget_type=\"icon-list.default\">\n\t\t\t\t<div class=\"elementor-widget-container\">\n\t\t\t\t\t\t\t<ul class=\"elementor-icon-list-items\">\n\t\t\t\t\t\t\t<li class=\"elementor-icon-list-item\">\n\t\t\t\t\t\t\t\t\t\t<span class=\"elementor-icon-list-text\">Mechanical and electrical design<\/span>\n\t\t\t\t\t\t\t\t\t<\/li>\n\t\t\t\t\t\t\t\t<li class=\"elementor-icon-list-item\">\n\t\t\t\t\t\t\t\t\t\t<span class=\"elementor-icon-list-text\">Fixture design and special machines <\/span>\n\t\t\t\t\t\t\t\t\t<\/li>\n\t\t\t\t\t\t\t\t<li class=\"elementor-icon-list-item\">\n\t\t\t\t\t\t\t\t\t\t<span class=\"elementor-icon-list-text\">Fixture design and special machines <\/span>\n\t\t\t\t\t\t\t\t\t<\/li>\n\t\t\t\t\t\t\t\t<li class=\"elementor-icon-list-item\">\n\t\t\t\t\t\t\t\t\t\t<span class=\"elementor-icon-list-text\">Integration of robots and control systems <\/span>\n\t\t\t\t\t\t\t\t\t<\/li>\n\t\t\t\t\t\t\t\t<li class=\"elementor-icon-list-item\">\n\t\t\t\t\t\t\t\t\t\t<span class=\"elementor-icon-list-text\">Installation and commissioning <\/span>\n\t\t\t\t\t\t\t\t\t<\/li>\n\t\t\t\t\t\t<\/ul>\n\t\t\t\t\t\t<\/div>\n\t\t\t\t<\/div>\n\t\t\t\t<\/div>\n\t\t\t\t\t<\/div>\n\t\t\t\t<\/div>\n\t\t<div class=\"elementor-element elementor-element-8063e06 e-flex e-con-boxed e-con e-parent\" data-id=\"8063e06\" data-element_type=\"container\">\n\t\t\t\t\t<div class=\"e-con-inner\">\n\t\t<div class=\"elementor-element elementor-element-1113dc4 e-con-full e-flex e-con e-child\" data-id=\"1113dc4\" data-element_type=\"container\" data-settings=\"{&quot;background_background&quot;:&quot;classic&quot;}\">\n\t\t\t\t<div class=\"elementor-element elementor-element-1aa5571 elementor-widget__width-initial elementor-widget elementor-widget-heading\" data-id=\"1aa5571\" data-element_type=\"widget\" data-widget_type=\"heading.default\">\n\t\t\t\t<div class=\"elementor-widget-container\">\n\t\t\t\t\t<h2 class=\"elementor-heading-title elementor-size-default\">We are a reliable production partner for OEMs, system suppliers, and industrial companies looking to grow.<\/h2>\t\t\t\t<\/div>\n\t\t\t\t<\/div>\n\t\t\t\t<\/div>\n\t\t\t\t\t<\/div>\n\t\t\t\t<\/div>\n\t\t<div class=\"elementor-element elementor-element-7472df3 e-con-full e-flex e-con e-parent\" data-id=\"7472df3\" data-element_type=\"container\" data-settings=\"{&quot;background_background&quot;:&quot;classic&quot;}\">\n\t\t\t\t<div class=\"elementor-element elementor-element-3bfaece elementor-widget elementor-widget-shortcode\" data-id=\"3bfaece\" data-element_type=\"widget\" data-widget_type=\"shortcode.default\">\n\t\t\t\t<div class=\"elementor-widget-container\">\n\t\t\t\t\t\t\t<div class=\"elementor-shortcode\">\t\t<div data-elementor-type=\"container\" data-elementor-id=\"1052\" class=\"elementor elementor-1052\" data-elementor-post-type=\"elementor_library\">\n\t\t\t\t<div class=\"elementor-element elementor-element-4d8d352 e-flex e-con-boxed e-con e-parent\" data-id=\"4d8d352\" data-element_type=\"container\">\n\t\t\t\t\t<div class=\"e-con-inner\">\n\t\t\t\t<div class=\"elementor-element elementor-element-bca6df7 elementor-widget elementor-widget-heading\" data-id=\"bca6df7\" data-element_type=\"widget\" data-widget_type=\"heading.default\">\n\t\t\t\t<div class=\"elementor-widget-container\">\n\t\t\t\t\t<h2 class=\"elementor-heading-title elementor-size-default\">L\u00f6s mina produktionsutmaningar<\/h2>\t\t\t\t<\/div>\n\t\t\t\t<\/div>\n\t\t\t\t<div class=\"elementor-element elementor-element-1ff7f3c elementor-align-center elementor-invisible elementor-widget elementor-widget-button\" data-id=\"1ff7f3c\" data-element_type=\"widget\" data-settings=\"{&quot;_animation&quot;:&quot;fadeInUp&quot;,&quot;_animation_delay&quot;:200}\" data-widget_type=\"button.default\">\n\t\t\t\t<div class=\"elementor-widget-container\">\n\t\t\t\t\t\t\t\t\t<div class=\"elementor-button-wrapper\">\n\t\t\t\t\t<a class=\"elementor-button elementor-button-link elementor-size-sm\" href=\"https:\/\/recas.dragster.digital\/en\/contact\/\">\n\t\t\t\t\t\t<span class=\"elementor-button-content-wrapper\">\n\t\t\t\t\t\t\t\t\t<span class=\"elementor-button-text\">Kontakta oss<\/span>\n\t\t\t\t\t<\/span>\n\t\t\t\t\t<\/a>\n\t\t\t\t<\/div>\n\t\t\t\t\t\t\t\t<\/div>\n\t\t\t\t<\/div>\n\t\t\t\t\t<\/div>\n\t\t\t\t<\/div>\n\t\t\t\t<\/div>\n\t\t<\/div>\n\t\t\t\t\t\t<\/div>\n\t\t\t\t<\/div>\n\t\t\t\t<\/div>\n\t\t\t\t<\/div>\n\t\t","protected":false},"excerpt":{"rendered":"<p>Engineering Power for Bold Ideas Manufacturing is shaped by constant innovation, high production demands, and ever-changing needs. At Recas, we have a unique strength: we know how to manage projects, build, assemble, test, and scale. With our ability to connect engineering expertise with practical execution, we power your business \u2013 from first idea to finished [&hellip;]<\/p>\n","protected":false},"author":1,"featured_media":5817,"parent":5977,"menu_order":15,"comment_status":"closed","ping_status":"closed","template":"","meta":{"_acf_changed":false,"footnotes":""},"class_list":["post-6033","page","type-page","status-publish","has-post-thumbnail","hentry"],"acf":[],"yoast_head":"<!-- This site is optimized with the Yoast SEO plugin v25.4 - https:\/\/yoast.com\/wordpress\/plugins\/seo\/ -->\n<title>Manufacturing - Recas<\/title>\n<meta name=\"description\" content=\"Get help with scalable production solutions for industry, from prototype to production \u2013 with a focus on quality, efficiency and automation.\" \/>\n<meta name=\"robots\" content=\"noindex, follow, max-snippet:-1, max-image-preview:large, max-video-preview:-1\" \/>\n<meta property=\"og:locale\" content=\"en_US\" \/>\n<meta property=\"og:type\" content=\"article\" \/>\n<meta property=\"og:title\" content=\"Manufacturing - Recas\" \/>\n<meta property=\"og:description\" content=\"Get help with scalable production solutions for industry, from prototype to production \u2013 with a focus on quality, efficiency and automation.\" \/>\n<meta property=\"og:url\" content=\"https:\/\/recas.dragster.digital\/en\/services\/manufacturing\/\" \/>\n<meta property=\"og:site_name\" content=\"Recas\" \/>\n<meta property=\"article:modified_time\" content=\"2025-07-02T19:45:01+00:00\" \/>\n<meta property=\"og:image\" content=\"https:\/\/recas.dragster.digital\/wp-content\/uploads\/2025\/06\/Recas-Manufacturing-Car-Production-scaled.webp\" \/>\n\t<meta property=\"og:image:width\" content=\"2269\" \/>\n\t<meta property=\"og:image:height\" content=\"2560\" \/>\n\t<meta property=\"og:image:type\" content=\"image\/webp\" \/>\n<meta name=\"twitter:card\" content=\"summary_large_image\" \/>\n<meta name=\"twitter:label1\" content=\"Est. reading time\" \/>\n\t<meta name=\"twitter:data1\" content=\"1 minute\" \/>\n<script type=\"application\/ld+json\" class=\"yoast-schema-graph\">{\"@context\":\"https:\/\/schema.org\",\"@graph\":[{\"@type\":\"WebPage\",\"@id\":\"https:\/\/recas.dragster.digital\/en\/services\/manufacturing\/\",\"url\":\"https:\/\/recas.dragster.digital\/en\/services\/manufacturing\/\",\"name\":\"Manufacturing - Recas\",\"isPartOf\":{\"@id\":\"https:\/\/recas.dragster.digital\/en\/#website\"},\"primaryImageOfPage\":{\"@id\":\"https:\/\/recas.dragster.digital\/en\/services\/manufacturing\/#primaryimage\"},\"image\":{\"@id\":\"https:\/\/recas.dragster.digital\/en\/services\/manufacturing\/#primaryimage\"},\"thumbnailUrl\":\"https:\/\/recas.dragster.digital\/wp-content\/uploads\/2025\/06\/Recas-Manufacturing-Car-Production-scaled.webp\",\"datePublished\":\"2025-06-26T10:39:53+00:00\",\"dateModified\":\"2025-07-02T19:45:01+00:00\",\"description\":\"Get help with scalable production solutions for industry, from prototype to production \u2013 with a focus on quality, efficiency and automation.\",\"breadcrumb\":{\"@id\":\"https:\/\/recas.dragster.digital\/en\/services\/manufacturing\/#breadcrumb\"},\"inLanguage\":\"en-US\",\"potentialAction\":[{\"@type\":\"ReadAction\",\"target\":[\"https:\/\/recas.dragster.digital\/en\/services\/manufacturing\/\"]}]},{\"@type\":\"ImageObject\",\"inLanguage\":\"en-US\",\"@id\":\"https:\/\/recas.dragster.digital\/en\/services\/manufacturing\/#primaryimage\",\"url\":\"https:\/\/recas.dragster.digital\/wp-content\/uploads\/2025\/06\/Recas-Manufacturing-Car-Production-scaled.webp\",\"contentUrl\":\"https:\/\/recas.dragster.digital\/wp-content\/uploads\/2025\/06\/Recas-Manufacturing-Car-Production-scaled.webp\",\"width\":2269,\"height\":2560,\"caption\":\"produktionslina av bilar i fabriksmilj\u00f6\"},{\"@type\":\"BreadcrumbList\",\"@id\":\"https:\/\/recas.dragster.digital\/en\/services\/manufacturing\/#breadcrumb\",\"itemListElement\":[{\"@type\":\"ListItem\",\"position\":1,\"name\":\"Home\",\"item\":\"https:\/\/recas.dragster.digital\/en\/home\/\"},{\"@type\":\"ListItem\",\"position\":2,\"name\":\"Services\",\"item\":\"https:\/\/recas.dragster.digital\/en\/services\/\"},{\"@type\":\"ListItem\",\"position\":3,\"name\":\"Manufacturing\"}]},{\"@type\":\"WebSite\",\"@id\":\"https:\/\/recas.dragster.digital\/en\/#website\",\"url\":\"https:\/\/recas.dragster.digital\/en\/\",\"name\":\"Recas\",\"description\":\"\",\"publisher\":{\"@id\":\"https:\/\/recas.dragster.digital\/en\/#organization\"},\"potentialAction\":[{\"@type\":\"SearchAction\",\"target\":{\"@type\":\"EntryPoint\",\"urlTemplate\":\"https:\/\/recas.dragster.digital\/en\/?s={search_term_string}\"},\"query-input\":{\"@type\":\"PropertyValueSpecification\",\"valueRequired\":true,\"valueName\":\"search_term_string\"}}],\"inLanguage\":\"en-US\"},{\"@type\":\"Organization\",\"@id\":\"https:\/\/recas.dragster.digital\/en\/#organization\",\"name\":\"Recas\",\"url\":\"https:\/\/recas.dragster.digital\/en\/\",\"logo\":{\"@type\":\"ImageObject\",\"inLanguage\":\"en-US\",\"@id\":\"https:\/\/recas.dragster.digital\/en\/#\/schema\/logo\/image\/\",\"url\":\"https:\/\/recas.dragster.digital\/wp-content\/uploads\/2025\/06\/Recas-logo-primary.png\",\"contentUrl\":\"https:\/\/recas.dragster.digital\/wp-content\/uploads\/2025\/06\/Recas-logo-primary.png\",\"width\":634,\"height\":105,\"caption\":\"Recas\"},\"image\":{\"@id\":\"https:\/\/recas.dragster.digital\/en\/#\/schema\/logo\/image\/\"}}]}<\/script>\n<!-- \/ Yoast SEO plugin. -->","yoast_head_json":{"title":"Manufacturing - Recas","description":"Get help with scalable production solutions for industry, from prototype to production \u2013 with a focus on quality, efficiency and automation.","robots":{"index":"noindex","follow":"follow","max-snippet":"max-snippet:-1","max-image-preview":"max-image-preview:large","max-video-preview":"max-video-preview:-1"},"og_locale":"en_US","og_type":"article","og_title":"Manufacturing - Recas","og_description":"Get help with scalable production solutions for industry, from prototype to production \u2013 with a focus on quality, efficiency and automation.","og_url":"https:\/\/recas.dragster.digital\/en\/services\/manufacturing\/","og_site_name":"Recas","article_modified_time":"2025-07-02T19:45:01+00:00","og_image":[{"width":2269,"height":2560,"url":"https:\/\/recas.dragster.digital\/wp-content\/uploads\/2025\/06\/Recas-Manufacturing-Car-Production-scaled.webp","type":"image\/webp"}],"twitter_card":"summary_large_image","twitter_misc":{"Est. reading time":"1 minute"},"schema":{"@context":"https:\/\/schema.org","@graph":[{"@type":"WebPage","@id":"https:\/\/recas.dragster.digital\/en\/services\/manufacturing\/","url":"https:\/\/recas.dragster.digital\/en\/services\/manufacturing\/","name":"Manufacturing - Recas","isPartOf":{"@id":"https:\/\/recas.dragster.digital\/en\/#website"},"primaryImageOfPage":{"@id":"https:\/\/recas.dragster.digital\/en\/services\/manufacturing\/#primaryimage"},"image":{"@id":"https:\/\/recas.dragster.digital\/en\/services\/manufacturing\/#primaryimage"},"thumbnailUrl":"https:\/\/recas.dragster.digital\/wp-content\/uploads\/2025\/06\/Recas-Manufacturing-Car-Production-scaled.webp","datePublished":"2025-06-26T10:39:53+00:00","dateModified":"2025-07-02T19:45:01+00:00","description":"Get help with scalable production solutions for industry, from prototype to production \u2013 with a focus on quality, efficiency and automation.","breadcrumb":{"@id":"https:\/\/recas.dragster.digital\/en\/services\/manufacturing\/#breadcrumb"},"inLanguage":"en-US","potentialAction":[{"@type":"ReadAction","target":["https:\/\/recas.dragster.digital\/en\/services\/manufacturing\/"]}]},{"@type":"ImageObject","inLanguage":"en-US","@id":"https:\/\/recas.dragster.digital\/en\/services\/manufacturing\/#primaryimage","url":"https:\/\/recas.dragster.digital\/wp-content\/uploads\/2025\/06\/Recas-Manufacturing-Car-Production-scaled.webp","contentUrl":"https:\/\/recas.dragster.digital\/wp-content\/uploads\/2025\/06\/Recas-Manufacturing-Car-Production-scaled.webp","width":2269,"height":2560,"caption":"produktionslina av bilar i fabriksmilj\u00f6"},{"@type":"BreadcrumbList","@id":"https:\/\/recas.dragster.digital\/en\/services\/manufacturing\/#breadcrumb","itemListElement":[{"@type":"ListItem","position":1,"name":"Home","item":"https:\/\/recas.dragster.digital\/en\/home\/"},{"@type":"ListItem","position":2,"name":"Services","item":"https:\/\/recas.dragster.digital\/en\/services\/"},{"@type":"ListItem","position":3,"name":"Manufacturing"}]},{"@type":"WebSite","@id":"https:\/\/recas.dragster.digital\/en\/#website","url":"https:\/\/recas.dragster.digital\/en\/","name":"Recas","description":"","publisher":{"@id":"https:\/\/recas.dragster.digital\/en\/#organization"},"potentialAction":[{"@type":"SearchAction","target":{"@type":"EntryPoint","urlTemplate":"https:\/\/recas.dragster.digital\/en\/?s={search_term_string}"},"query-input":{"@type":"PropertyValueSpecification","valueRequired":true,"valueName":"search_term_string"}}],"inLanguage":"en-US"},{"@type":"Organization","@id":"https:\/\/recas.dragster.digital\/en\/#organization","name":"Recas","url":"https:\/\/recas.dragster.digital\/en\/","logo":{"@type":"ImageObject","inLanguage":"en-US","@id":"https:\/\/recas.dragster.digital\/en\/#\/schema\/logo\/image\/","url":"https:\/\/recas.dragster.digital\/wp-content\/uploads\/2025\/06\/Recas-logo-primary.png","contentUrl":"https:\/\/recas.dragster.digital\/wp-content\/uploads\/2025\/06\/Recas-logo-primary.png","width":634,"height":105,"caption":"Recas"},"image":{"@id":"https:\/\/recas.dragster.digital\/en\/#\/schema\/logo\/image\/"}}]}},"_links":{"self":[{"href":"https:\/\/recas.dragster.digital\/en\/wp-json\/wp\/v2\/pages\/6033","targetHints":{"allow":["GET"]}}],"collection":[{"href":"https:\/\/recas.dragster.digital\/en\/wp-json\/wp\/v2\/pages"}],"about":[{"href":"https:\/\/recas.dragster.digital\/en\/wp-json\/wp\/v2\/types\/page"}],"author":[{"embeddable":true,"href":"https:\/\/recas.dragster.digital\/en\/wp-json\/wp\/v2\/users\/1"}],"replies":[{"embeddable":true,"href":"https:\/\/recas.dragster.digital\/en\/wp-json\/wp\/v2\/comments?post=6033"}],"version-history":[{"count":2,"href":"https:\/\/recas.dragster.digital\/en\/wp-json\/wp\/v2\/pages\/6033\/revisions"}],"predecessor-version":[{"id":6035,"href":"https:\/\/recas.dragster.digital\/en\/wp-json\/wp\/v2\/pages\/6033\/revisions\/6035"}],"up":[{"embeddable":true,"href":"https:\/\/recas.dragster.digital\/en\/wp-json\/wp\/v2\/pages\/5977"}],"wp:featuredmedia":[{"embeddable":true,"href":"https:\/\/recas.dragster.digital\/en\/wp-json\/wp\/v2\/media\/5817"}],"wp:attachment":[{"href":"https:\/\/recas.dragster.digital\/en\/wp-json\/wp\/v2\/media?parent=6033"}],"curies":[{"name":"wp","href":"https:\/\/api.w.org\/{rel}","templated":true}]}}