{"id":6010,"date":"2025-06-26T12:46:40","date_gmt":"2025-06-26T10:46:40","guid":{"rendered":"https:\/\/recas.dragster.digital\/services\/project\/"},"modified":"2025-07-02T19:58:49","modified_gmt":"2025-07-02T17:58:49","slug":"project","status":"publish","type":"page","link":"https:\/\/recas.dragster.digital\/en\/services\/project\/","title":{"rendered":"Project"},"content":{"rendered":"\t\t<div data-elementor-type=\"wp-page\" data-elementor-id=\"6010\" class=\"elementor elementor-6010 elementor-720\" data-elementor-post-type=\"page\">\n\t\t\t\t<div class=\"elementor-element elementor-element-632cc6e e-con-full e-flex e-con e-parent\" data-id=\"632cc6e\" data-element_type=\"container\">\n\t\t\t\t<div class=\"elementor-element elementor-element-14a1b19 elementor-widget elementor-widget-shortcode\" data-id=\"14a1b19\" data-element_type=\"widget\" data-widget_type=\"shortcode.default\">\n\t\t\t\t<div class=\"elementor-widget-container\">\n\t\t\t\t\t\t\t<div class=\"elementor-shortcode\">\t\t<div data-elementor-type=\"container\" data-elementor-id=\"1041\" class=\"elementor elementor-1041\" data-elementor-post-type=\"elementor_library\">\n\t\t\t\t<div class=\"elementor-element elementor-element-195f1335 e-flex e-con-boxed e-con e-parent\" data-id=\"195f1335\" data-element_type=\"container\" data-settings=\"{&quot;background_background&quot;:&quot;classic&quot;}\">\n\t\t\t\t\t<div class=\"e-con-inner\">\n\t\t\t\t<div class=\"elementor-element elementor-element-d7ca764 elementor-align-left elementor-widget elementor-widget-breadcrumbs\" data-id=\"d7ca764\" data-element_type=\"widget\" data-widget_type=\"breadcrumbs.default\">\n\t\t\t\t<div class=\"elementor-widget-container\">\n\t\t\t\t\t<p id=\"breadcrumbs\"><span><span><a href=\"https:\/\/recas.dragster.digital\/en\/home\/\">Home<\/a><\/span><\/span><\/p>\t\t\t\t<\/div>\n\t\t\t\t<\/div>\n\t\t\t\t<div class=\"elementor-element elementor-element-339c2551 elementor-invisible elementor-widget elementor-widget-heading\" data-id=\"339c2551\" data-element_type=\"widget\" data-settings=\"{&quot;_animation&quot;:&quot;fadeIn&quot;}\" data-widget_type=\"heading.default\">\n\t\t\t\t<div class=\"elementor-widget-container\">\n\t\t\t\t\t<h1 class=\"elementor-heading-title elementor-size-default\">Manufacturing<\/h1>\t\t\t\t<\/div>\n\t\t\t\t<\/div>\n\t\t\t\t<div class=\"elementor-element elementor-element-70605eaf elementor-widget__width-initial elementor-invisible elementor-widget elementor-widget-heading\" data-id=\"70605eaf\" data-element_type=\"widget\" data-settings=\"{&quot;_animation&quot;:&quot;fadeIn&quot;}\" data-widget_type=\"heading.default\">\n\t\t\t\t<div class=\"elementor-widget-container\">\n\t\t\t\t\t<h2 class=\"elementor-heading-title elementor-size-default\">Realize your project with smart flows, technical structure, and solutions that empower every step from analysis to deployment.<\/h2>\t\t\t\t<\/div>\n\t\t\t\t<\/div>\n\t\t\t\t\t<\/div>\n\t\t\t\t<\/div>\n\t\t\t\t<\/div>\n\t\t<\/div>\n\t\t\t\t\t\t<\/div>\n\t\t\t\t<\/div>\n\t\t\t\t<\/div>\n\t\t<div class=\"elementor-element elementor-element-ead840f e-grid e-con-boxed e-con e-parent\" data-id=\"ead840f\" data-element_type=\"container\" data-settings=\"{&quot;background_background&quot;:&quot;classic&quot;}\">\n\t\t\t\t\t<div class=\"e-con-inner\">\n\t\t\t\t<div class=\"elementor-element elementor-element-e66f2ab elementor-widget elementor-widget-image\" data-id=\"e66f2ab\" data-element_type=\"widget\" data-widget_type=\"image.default\">\n\t\t\t\t<div class=\"elementor-widget-container\">\n\t\t\t\t\t\t\t\t\t\t\t\t\t\t\t<img fetchpriority=\"high\" decoding=\"async\" width=\"945\" height=\"945\" src=\"https:\/\/recas.dragster.digital\/wp-content\/uploads\/2025\/07\/Recas-Project-Block-2-Sqaure-1.webp\" class=\"attachment-2048x2048 size-2048x2048 wp-image-5941\" alt=\"\" srcset=\"https:\/\/recas.dragster.digital\/wp-content\/uploads\/2025\/07\/Recas-Project-Block-2-Sqaure-1.webp 945w, https:\/\/recas.dragster.digital\/wp-content\/uploads\/2025\/07\/Recas-Project-Block-2-Sqaure-1-300x300.webp 300w, https:\/\/recas.dragster.digital\/wp-content\/uploads\/2025\/07\/Recas-Project-Block-2-Sqaure-1-150x150.webp 150w, https:\/\/recas.dragster.digital\/wp-content\/uploads\/2025\/07\/Recas-Project-Block-2-Sqaure-1-768x768.webp 768w\" sizes=\"(max-width: 945px) 100vw, 945px\" \/>\t\t\t\t\t\t\t\t\t\t\t\t\t\t\t<\/div>\n\t\t\t\t<\/div>\n\t\t<div class=\"elementor-element elementor-element-8456bb1 e-con-full e-flex e-con e-child\" data-id=\"8456bb1\" data-element_type=\"container\">\n\t\t\t\t<div class=\"elementor-element elementor-element-d9f9917 elementor-widget__width-inherit elementor-widget elementor-widget-heading\" data-id=\"d9f9917\" data-element_type=\"widget\" data-widget_type=\"heading.default\">\n\t\t\t\t<div class=\"elementor-widget-container\">\n\t\t\t\t\t<h2 class=\"elementor-heading-title elementor-size-default\">Innovative Expertise From<br>Start to Finish<\/h2>\t\t\t\t<\/div>\n\t\t\t\t<\/div>\n\t\t\t\t<div class=\"elementor-element elementor-element-964cf19 elementor-widget elementor-widget-heading\" data-id=\"964cf19\" data-element_type=\"widget\" data-widget_type=\"heading.default\">\n\t\t\t\t<div class=\"elementor-widget-container\">\n\t\t\t\t\t<p class=\"elementor-heading-title elementor-size-default\">When your project demands technical excellence and clear structure, Recas steps in \u2013 with full responsibility from requirements to finished product. We lead complete development projects for industrial vehicles, automation, manufacturing, defense, and the public sector. By connecting data, systems, and processes, we create reliable workflows that reduce downtime and deliver impact across every phase of the project \u2013 or exactly where it's needed right now.  <\/p>\t\t\t\t<\/div>\n\t\t\t\t<\/div>\n\t\t\t\t<\/div>\n\t\t\t\t\t<\/div>\n\t\t\t\t<\/div>\n\t\t<div class=\"elementor-element elementor-element-93f2aea e-flex e-con-boxed e-con e-parent\" data-id=\"93f2aea\" data-element_type=\"container\">\n\t\t\t\t\t<div class=\"e-con-inner\">\n\t\t<div class=\"elementor-element elementor-element-6de344d e-con-full e-grid e-con e-child\" data-id=\"6de344d\" data-element_type=\"container\" data-settings=\"{&quot;background_background&quot;:&quot;classic&quot;}\">\n\t\t\t\t<div class=\"elementor-element elementor-element-909c9ad elementor-widget elementor-widget-heading\" data-id=\"909c9ad\" data-element_type=\"widget\" data-widget_type=\"heading.default\">\n\t\t\t\t<div class=\"elementor-widget-container\">\n\t\t\t\t\t<h2 class=\"elementor-heading-title elementor-size-default\">What We Do in the Projects:<\/h2>\t\t\t\t<\/div>\n\t\t\t\t<\/div>\n\t\t\t\t<div class=\"elementor-element elementor-element-8b4c2ee elementor-icon-list--layout-traditional elementor-list-item-link-full_width elementor-widget elementor-widget-icon-list\" data-id=\"8b4c2ee\" data-element_type=\"widget\" data-widget_type=\"icon-list.default\">\n\t\t\t\t<div class=\"elementor-widget-container\">\n\t\t\t\t\t\t\t<ul class=\"elementor-icon-list-items\">\n\t\t\t\t\t\t\t<li class=\"elementor-icon-list-item\">\n\t\t\t\t\t\t\t\t\t\t<span class=\"elementor-icon-list-text\">Identify problems and eliminate bottlenecks through technical structure and risk management.<\/span>\n\t\t\t\t\t\t\t\t\t<\/li>\n\t\t\t\t\t\t\t\t<li class=\"elementor-icon-list-item\">\n\t\t\t\t\t\t\t\t\t\t<span class=\"elementor-icon-list-text\">Optimize workflows and activities to meet project plans and delivery targets.<\/span>\n\t\t\t\t\t\t\t\t\t<\/li>\n\t\t\t\t\t\t\t\t<li class=\"elementor-icon-list-item\">\n\t\t\t\t\t\t\t\t\t\t<span class=\"elementor-icon-list-text\">Implement new systems \u2013 from design and commissioning to ongoing support.<\/span>\n\t\t\t\t\t\t\t\t\t<\/li>\n\t\t\t\t\t\t\t\t<li class=\"elementor-icon-list-item\">\n\t\t\t\t\t\t\t\t\t\t<span class=\"elementor-icon-list-text\">Transform ideas from concept into concrete solutions through innovation support and testing.<\/span>\n\t\t\t\t\t\t\t\t\t<\/li>\n\t\t\t\t\t\t\t\t<li class=\"elementor-icon-list-item\">\n\t\t\t\t\t\t\t\t\t\t<span class=\"elementor-icon-list-text\">Maintain regular and open communication between teams, stakeholders, and suppliers.<\/span>\n\t\t\t\t\t\t\t\t\t<\/li>\n\t\t\t\t\t\t\t\t<li class=\"elementor-icon-list-item\">\n\t\t\t\t\t\t\t\t\t\t<span class=\"elementor-icon-list-text\">Support with prototypes and pre-series materials.<\/span>\n\t\t\t\t\t\t\t\t\t<\/li>\n\t\t\t\t\t\t<\/ul>\n\t\t\t\t\t\t<\/div>\n\t\t\t\t<\/div>\n\t\t\t\t<\/div>\n\t\t\t\t\t<\/div>\n\t\t\t\t<\/div>\n\t\t<div class=\"elementor-element elementor-element-4c6ddd4 e-con-full e-flex e-con e-parent\" data-id=\"4c6ddd4\" data-element_type=\"container\" data-settings=\"{&quot;background_background&quot;:&quot;classic&quot;}\">\n\t\t\t\t<div class=\"elementor-element elementor-element-8afcdc7 elementor-widget elementor-widget-shortcode\" data-id=\"8afcdc7\" data-element_type=\"widget\" data-widget_type=\"shortcode.default\">\n\t\t\t\t<div class=\"elementor-widget-container\">\n\t\t\t\t\t\t\t<div class=\"elementor-shortcode\">\t\t<div data-elementor-type=\"container\" data-elementor-id=\"1052\" class=\"elementor elementor-1052\" data-elementor-post-type=\"elementor_library\">\n\t\t\t\t<div class=\"elementor-element elementor-element-4d8d352 e-flex e-con-boxed e-con e-parent\" data-id=\"4d8d352\" data-element_type=\"container\">\n\t\t\t\t\t<div class=\"e-con-inner\">\n\t\t\t\t<div class=\"elementor-element elementor-element-bca6df7 elementor-widget elementor-widget-heading\" data-id=\"bca6df7\" data-element_type=\"widget\" data-widget_type=\"heading.default\">\n\t\t\t\t<div class=\"elementor-widget-container\">\n\t\t\t\t\t<h2 class=\"elementor-heading-title elementor-size-default\">L\u00f6s mina produktionsutmaningar<\/h2>\t\t\t\t<\/div>\n\t\t\t\t<\/div>\n\t\t\t\t<div class=\"elementor-element elementor-element-1ff7f3c elementor-align-center elementor-invisible elementor-widget elementor-widget-button\" data-id=\"1ff7f3c\" data-element_type=\"widget\" data-settings=\"{&quot;_animation&quot;:&quot;fadeInUp&quot;,&quot;_animation_delay&quot;:200}\" data-widget_type=\"button.default\">\n\t\t\t\t<div class=\"elementor-widget-container\">\n\t\t\t\t\t\t\t\t\t<div class=\"elementor-button-wrapper\">\n\t\t\t\t\t<a class=\"elementor-button elementor-button-link elementor-size-sm\" href=\"https:\/\/recas.dragster.digital\/en\/contact\/\">\n\t\t\t\t\t\t<span class=\"elementor-button-content-wrapper\">\n\t\t\t\t\t\t\t\t\t<span class=\"elementor-button-text\">Kontakta oss<\/span>\n\t\t\t\t\t<\/span>\n\t\t\t\t\t<\/a>\n\t\t\t\t<\/div>\n\t\t\t\t\t\t\t\t<\/div>\n\t\t\t\t<\/div>\n\t\t\t\t\t<\/div>\n\t\t\t\t<\/div>\n\t\t\t\t<\/div>\n\t\t<\/div>\n\t\t\t\t\t\t<\/div>\n\t\t\t\t<\/div>\n\t\t\t\t<\/div>\n\t\t\t\t<\/div>\n\t\t","protected":false},"excerpt":{"rendered":"<p>Innovative Expertise FromStart to Finish When your project demands technical excellence and clear structure, Recas steps in \u2013 with full responsibility from requirements to finished product. We lead complete development projects for industrial vehicles, automation, manufacturing, defense, and the public sector. By connecting data, systems, and processes, we create reliable workflows that reduce downtime and [&hellip;]<\/p>\n","protected":false},"author":1,"featured_media":5860,"parent":5977,"menu_order":8,"comment_status":"closed","ping_status":"closed","template":"","meta":{"_acf_changed":false,"footnotes":""},"class_list":["post-6010","page","type-page","status-publish","has-post-thumbnail","hentry"],"acf":[],"yoast_head":"<!-- This site is optimized with the Yoast SEO plugin v25.4 - https:\/\/yoast.com\/wordpress\/plugins\/seo\/ -->\n<title>Project - Recas<\/title>\n<meta name=\"description\" content=\"With Recas as your project partner, you get access to technology, resources and expertise for successful industrial projects \u2013 regardless of scale.\" \/>\n<meta name=\"robots\" content=\"noindex, follow, max-snippet:-1, max-image-preview:large, max-video-preview:-1\" \/>\n<meta property=\"og:locale\" content=\"en_US\" \/>\n<meta property=\"og:type\" content=\"article\" \/>\n<meta property=\"og:title\" content=\"Project - Recas\" \/>\n<meta property=\"og:description\" content=\"With Recas as your project partner, you get access to technology, resources and expertise for successful industrial projects \u2013 regardless of scale.\" \/>\n<meta property=\"og:url\" content=\"https:\/\/recas.dragster.digital\/en\/services\/project\/\" \/>\n<meta property=\"og:site_name\" content=\"Recas\" \/>\n<meta property=\"article:modified_time\" content=\"2025-07-02T17:58:49+00:00\" \/>\n<meta property=\"og:image\" content=\"https:\/\/recas.dragster.digital\/wp-content\/uploads\/2025\/06\/Recas-Tjanster-Project-Header-V2-scaled.webp\" \/>\n\t<meta property=\"og:image:width\" content=\"2560\" \/>\n\t<meta property=\"og:image:height\" content=\"1479\" \/>\n\t<meta property=\"og:image:type\" content=\"image\/webp\" \/>\n<meta name=\"twitter:card\" content=\"summary_large_image\" \/>\n<meta name=\"twitter:label1\" content=\"Est. reading time\" \/>\n\t<meta name=\"twitter:data1\" content=\"1 minute\" \/>\n<script type=\"application\/ld+json\" class=\"yoast-schema-graph\">{\"@context\":\"https:\/\/schema.org\",\"@graph\":[{\"@type\":\"WebPage\",\"@id\":\"https:\/\/recas.dragster.digital\/en\/services\/project\/\",\"url\":\"https:\/\/recas.dragster.digital\/en\/services\/project\/\",\"name\":\"Project - Recas\",\"isPartOf\":{\"@id\":\"https:\/\/recas.dragster.digital\/en\/#website\"},\"primaryImageOfPage\":{\"@id\":\"https:\/\/recas.dragster.digital\/en\/services\/project\/#primaryimage\"},\"image\":{\"@id\":\"https:\/\/recas.dragster.digital\/en\/services\/project\/#primaryimage\"},\"thumbnailUrl\":\"https:\/\/recas.dragster.digital\/wp-content\/uploads\/2025\/06\/Recas-Tjanster-Project-Header-V2-scaled.webp\",\"datePublished\":\"2025-06-26T10:46:40+00:00\",\"dateModified\":\"2025-07-02T17:58:49+00:00\",\"description\":\"With Recas as your project partner, you get access to technology, resources and expertise for successful industrial projects \u2013 regardless of scale.\",\"breadcrumb\":{\"@id\":\"https:\/\/recas.dragster.digital\/en\/services\/project\/#breadcrumb\"},\"inLanguage\":\"en-US\",\"potentialAction\":[{\"@type\":\"ReadAction\",\"target\":[\"https:\/\/recas.dragster.digital\/en\/services\/project\/\"]}]},{\"@type\":\"ImageObject\",\"inLanguage\":\"en-US\",\"@id\":\"https:\/\/recas.dragster.digital\/en\/services\/project\/#primaryimage\",\"url\":\"https:\/\/recas.dragster.digital\/wp-content\/uploads\/2025\/06\/Recas-Tjanster-Project-Header-V2-scaled.webp\",\"contentUrl\":\"https:\/\/recas.dragster.digital\/wp-content\/uploads\/2025\/06\/Recas-Tjanster-Project-Header-V2-scaled.webp\",\"width\":2560,\"height\":1479,\"caption\":\"bild p\u00e5 h\u00e4nder och papper som ligger p\u00e5 ett bord\"},{\"@type\":\"BreadcrumbList\",\"@id\":\"https:\/\/recas.dragster.digital\/en\/services\/project\/#breadcrumb\",\"itemListElement\":[{\"@type\":\"ListItem\",\"position\":1,\"name\":\"Home\",\"item\":\"https:\/\/recas.dragster.digital\/en\/home\/\"},{\"@type\":\"ListItem\",\"position\":2,\"name\":\"Services\",\"item\":\"https:\/\/recas.dragster.digital\/en\/services\/\"},{\"@type\":\"ListItem\",\"position\":3,\"name\":\"Project\"}]},{\"@type\":\"WebSite\",\"@id\":\"https:\/\/recas.dragster.digital\/en\/#website\",\"url\":\"https:\/\/recas.dragster.digital\/en\/\",\"name\":\"Recas\",\"description\":\"\",\"publisher\":{\"@id\":\"https:\/\/recas.dragster.digital\/en\/#organization\"},\"potentialAction\":[{\"@type\":\"SearchAction\",\"target\":{\"@type\":\"EntryPoint\",\"urlTemplate\":\"https:\/\/recas.dragster.digital\/en\/?s={search_term_string}\"},\"query-input\":{\"@type\":\"PropertyValueSpecification\",\"valueRequired\":true,\"valueName\":\"search_term_string\"}}],\"inLanguage\":\"en-US\"},{\"@type\":\"Organization\",\"@id\":\"https:\/\/recas.dragster.digital\/en\/#organization\",\"name\":\"Recas\",\"url\":\"https:\/\/recas.dragster.digital\/en\/\",\"logo\":{\"@type\":\"ImageObject\",\"inLanguage\":\"en-US\",\"@id\":\"https:\/\/recas.dragster.digital\/en\/#\/schema\/logo\/image\/\",\"url\":\"https:\/\/recas.dragster.digital\/wp-content\/uploads\/2025\/06\/Recas-logo-primary.png\",\"contentUrl\":\"https:\/\/recas.dragster.digital\/wp-content\/uploads\/2025\/06\/Recas-logo-primary.png\",\"width\":634,\"height\":105,\"caption\":\"Recas\"},\"image\":{\"@id\":\"https:\/\/recas.dragster.digital\/en\/#\/schema\/logo\/image\/\"}}]}<\/script>\n<!-- \/ Yoast SEO plugin. -->","yoast_head_json":{"title":"Project - Recas","description":"With Recas as your project partner, you get access to technology, resources and expertise for successful industrial projects \u2013 regardless of scale.","robots":{"index":"noindex","follow":"follow","max-snippet":"max-snippet:-1","max-image-preview":"max-image-preview:large","max-video-preview":"max-video-preview:-1"},"og_locale":"en_US","og_type":"article","og_title":"Project - Recas","og_description":"With Recas as your project partner, you get access to technology, resources and expertise for successful industrial projects \u2013 regardless of scale.","og_url":"https:\/\/recas.dragster.digital\/en\/services\/project\/","og_site_name":"Recas","article_modified_time":"2025-07-02T17:58:49+00:00","og_image":[{"width":2560,"height":1479,"url":"https:\/\/recas.dragster.digital\/wp-content\/uploads\/2025\/06\/Recas-Tjanster-Project-Header-V2-scaled.webp","type":"image\/webp"}],"twitter_card":"summary_large_image","twitter_misc":{"Est. reading time":"1 minute"},"schema":{"@context":"https:\/\/schema.org","@graph":[{"@type":"WebPage","@id":"https:\/\/recas.dragster.digital\/en\/services\/project\/","url":"https:\/\/recas.dragster.digital\/en\/services\/project\/","name":"Project - Recas","isPartOf":{"@id":"https:\/\/recas.dragster.digital\/en\/#website"},"primaryImageOfPage":{"@id":"https:\/\/recas.dragster.digital\/en\/services\/project\/#primaryimage"},"image":{"@id":"https:\/\/recas.dragster.digital\/en\/services\/project\/#primaryimage"},"thumbnailUrl":"https:\/\/recas.dragster.digital\/wp-content\/uploads\/2025\/06\/Recas-Tjanster-Project-Header-V2-scaled.webp","datePublished":"2025-06-26T10:46:40+00:00","dateModified":"2025-07-02T17:58:49+00:00","description":"With Recas as your project partner, you get access to technology, resources and expertise for successful industrial projects \u2013 regardless of scale.","breadcrumb":{"@id":"https:\/\/recas.dragster.digital\/en\/services\/project\/#breadcrumb"},"inLanguage":"en-US","potentialAction":[{"@type":"ReadAction","target":["https:\/\/recas.dragster.digital\/en\/services\/project\/"]}]},{"@type":"ImageObject","inLanguage":"en-US","@id":"https:\/\/recas.dragster.digital\/en\/services\/project\/#primaryimage","url":"https:\/\/recas.dragster.digital\/wp-content\/uploads\/2025\/06\/Recas-Tjanster-Project-Header-V2-scaled.webp","contentUrl":"https:\/\/recas.dragster.digital\/wp-content\/uploads\/2025\/06\/Recas-Tjanster-Project-Header-V2-scaled.webp","width":2560,"height":1479,"caption":"bild p\u00e5 h\u00e4nder och papper som ligger p\u00e5 ett bord"},{"@type":"BreadcrumbList","@id":"https:\/\/recas.dragster.digital\/en\/services\/project\/#breadcrumb","itemListElement":[{"@type":"ListItem","position":1,"name":"Home","item":"https:\/\/recas.dragster.digital\/en\/home\/"},{"@type":"ListItem","position":2,"name":"Services","item":"https:\/\/recas.dragster.digital\/en\/services\/"},{"@type":"ListItem","position":3,"name":"Project"}]},{"@type":"WebSite","@id":"https:\/\/recas.dragster.digital\/en\/#website","url":"https:\/\/recas.dragster.digital\/en\/","name":"Recas","description":"","publisher":{"@id":"https:\/\/recas.dragster.digital\/en\/#organization"},"potentialAction":[{"@type":"SearchAction","target":{"@type":"EntryPoint","urlTemplate":"https:\/\/recas.dragster.digital\/en\/?s={search_term_string}"},"query-input":{"@type":"PropertyValueSpecification","valueRequired":true,"valueName":"search_term_string"}}],"inLanguage":"en-US"},{"@type":"Organization","@id":"https:\/\/recas.dragster.digital\/en\/#organization","name":"Recas","url":"https:\/\/recas.dragster.digital\/en\/","logo":{"@type":"ImageObject","inLanguage":"en-US","@id":"https:\/\/recas.dragster.digital\/en\/#\/schema\/logo\/image\/","url":"https:\/\/recas.dragster.digital\/wp-content\/uploads\/2025\/06\/Recas-logo-primary.png","contentUrl":"https:\/\/recas.dragster.digital\/wp-content\/uploads\/2025\/06\/Recas-logo-primary.png","width":634,"height":105,"caption":"Recas"},"image":{"@id":"https:\/\/recas.dragster.digital\/en\/#\/schema\/logo\/image\/"}}]}},"_links":{"self":[{"href":"https:\/\/recas.dragster.digital\/en\/wp-json\/wp\/v2\/pages\/6010","targetHints":{"allow":["GET"]}}],"collection":[{"href":"https:\/\/recas.dragster.digital\/en\/wp-json\/wp\/v2\/pages"}],"about":[{"href":"https:\/\/recas.dragster.digital\/en\/wp-json\/wp\/v2\/types\/page"}],"author":[{"embeddable":true,"href":"https:\/\/recas.dragster.digital\/en\/wp-json\/wp\/v2\/users\/1"}],"replies":[{"embeddable":true,"href":"https:\/\/recas.dragster.digital\/en\/wp-json\/wp\/v2\/comments?post=6010"}],"version-history":[{"count":2,"href":"https:\/\/recas.dragster.digital\/en\/wp-json\/wp\/v2\/pages\/6010\/revisions"}],"predecessor-version":[{"id":6012,"href":"https:\/\/recas.dragster.digital\/en\/wp-json\/wp\/v2\/pages\/6010\/revisions\/6012"}],"up":[{"embeddable":true,"href":"https:\/\/recas.dragster.digital\/en\/wp-json\/wp\/v2\/pages\/5977"}],"wp:featuredmedia":[{"embeddable":true,"href":"https:\/\/recas.dragster.digital\/en\/wp-json\/wp\/v2\/media\/5860"}],"wp:attachment":[{"href":"https:\/\/recas.dragster.digital\/en\/wp-json\/wp\/v2\/media?parent=6010"}],"curies":[{"name":"wp","href":"https:\/\/api.w.org\/{rel}","templated":true}]}}