{"id":6007,"date":"2025-06-26T12:46:21","date_gmt":"2025-06-26T10:46:21","guid":{"rendered":"https:\/\/recas.dragster.digital\/services\/consulting\/"},"modified":"2025-07-02T19:30:57","modified_gmt":"2025-07-02T17:30:57","slug":"consulting","status":"publish","type":"page","link":"https:\/\/recas.dragster.digital\/en\/services\/consulting\/","title":{"rendered":"Consulting"},"content":{"rendered":"\t\t<div data-elementor-type=\"wp-page\" data-elementor-id=\"6007\" class=\"elementor elementor-6007 elementor-718\" data-elementor-post-type=\"page\">\n\t\t\t\t<div class=\"elementor-element elementor-element-920c115 e-con-full e-flex e-con e-parent\" data-id=\"920c115\" data-element_type=\"container\">\n\t\t\t\t<div class=\"elementor-element elementor-element-d277859 elementor-widget elementor-widget-shortcode\" data-id=\"d277859\" data-element_type=\"widget\" data-widget_type=\"shortcode.default\">\n\t\t\t\t<div class=\"elementor-widget-container\">\n\t\t\t\t\t\t\t<div class=\"elementor-shortcode\">\t\t<div data-elementor-type=\"container\" data-elementor-id=\"1041\" class=\"elementor elementor-1041\" data-elementor-post-type=\"elementor_library\">\n\t\t\t\t<div class=\"elementor-element elementor-element-195f1335 e-flex e-con-boxed e-con e-parent\" data-id=\"195f1335\" data-element_type=\"container\" data-settings=\"{&quot;background_background&quot;:&quot;classic&quot;}\">\n\t\t\t\t\t<div class=\"e-con-inner\">\n\t\t\t\t<div class=\"elementor-element elementor-element-d7ca764 elementor-align-left elementor-widget elementor-widget-breadcrumbs\" data-id=\"d7ca764\" data-element_type=\"widget\" data-widget_type=\"breadcrumbs.default\">\n\t\t\t\t<div class=\"elementor-widget-container\">\n\t\t\t\t\t<p id=\"breadcrumbs\"><span><span><a href=\"https:\/\/recas.dragster.digital\/en\/home\/\">Home<\/a><\/span><\/span><\/p>\t\t\t\t<\/div>\n\t\t\t\t<\/div>\n\t\t\t\t<div class=\"elementor-element elementor-element-339c2551 elementor-invisible elementor-widget elementor-widget-heading\" data-id=\"339c2551\" data-element_type=\"widget\" data-settings=\"{&quot;_animation&quot;:&quot;fadeIn&quot;}\" data-widget_type=\"heading.default\">\n\t\t\t\t<div class=\"elementor-widget-container\">\n\t\t\t\t\t<h1 class=\"elementor-heading-title elementor-size-default\">Manufacturing<\/h1>\t\t\t\t<\/div>\n\t\t\t\t<\/div>\n\t\t\t\t<div class=\"elementor-element elementor-element-70605eaf elementor-widget__width-initial elementor-invisible elementor-widget elementor-widget-heading\" data-id=\"70605eaf\" data-element_type=\"widget\" data-settings=\"{&quot;_animation&quot;:&quot;fadeIn&quot;}\" data-widget_type=\"heading.default\">\n\t\t\t\t<div class=\"elementor-widget-container\">\n\t\t\t\t\t<h2 class=\"elementor-heading-title elementor-size-default\">Get help from consultants with cutting-edge expertise, no matter what phase of the ideation process, production or project you are in.<\/h2>\t\t\t\t<\/div>\n\t\t\t\t<\/div>\n\t\t\t\t\t<\/div>\n\t\t\t\t<\/div>\n\t\t\t\t<\/div>\n\t\t<\/div>\n\t\t\t\t\t\t<\/div>\n\t\t\t\t<\/div>\n\t\t\t\t<\/div>\n\t\t<div class=\"elementor-element elementor-element-828e399 e-grid e-con-boxed e-con e-parent\" data-id=\"828e399\" data-element_type=\"container\" data-settings=\"{&quot;background_background&quot;:&quot;classic&quot;}\">\n\t\t\t\t\t<div class=\"e-con-inner\">\n\t\t\t\t<div class=\"elementor-element elementor-element-24b3b51 elementor-widget elementor-widget-image\" data-id=\"24b3b51\" data-element_type=\"widget\" data-widget_type=\"image.default\">\n\t\t\t\t<div class=\"elementor-widget-container\">\n\t\t\t\t\t\t\t\t\t\t\t\t\t\t\t<img fetchpriority=\"high\" decoding=\"async\" width=\"1333\" height=\"1333\" src=\"https:\/\/recas.dragster.digital\/wp-content\/uploads\/2025\/07\/Recas-consulting-Block-2-Sqaure-1.webp\" class=\"attachment-2048x2048 size-2048x2048 wp-image-5944\" alt=\"\" srcset=\"https:\/\/recas.dragster.digital\/wp-content\/uploads\/2025\/07\/Recas-consulting-Block-2-Sqaure-1.webp 1333w, https:\/\/recas.dragster.digital\/wp-content\/uploads\/2025\/07\/Recas-consulting-Block-2-Sqaure-1-300x300.webp 300w, https:\/\/recas.dragster.digital\/wp-content\/uploads\/2025\/07\/Recas-consulting-Block-2-Sqaure-1-1024x1024.webp 1024w, https:\/\/recas.dragster.digital\/wp-content\/uploads\/2025\/07\/Recas-consulting-Block-2-Sqaure-1-150x150.webp 150w, https:\/\/recas.dragster.digital\/wp-content\/uploads\/2025\/07\/Recas-consulting-Block-2-Sqaure-1-768x768.webp 768w\" sizes=\"(max-width: 1333px) 100vw, 1333px\" \/>\t\t\t\t\t\t\t\t\t\t\t\t\t\t\t<\/div>\n\t\t\t\t<\/div>\n\t\t<div class=\"elementor-element elementor-element-807bcc4 e-con-full e-flex e-con e-child\" data-id=\"807bcc4\" data-element_type=\"container\">\n\t\t\t\t<div class=\"elementor-element elementor-element-98d63a7 elementor-widget__width-initial elementor-widget-tablet__width-initial elementor-widget elementor-widget-heading\" data-id=\"98d63a7\" data-element_type=\"widget\" data-widget_type=\"heading.default\">\n\t\t\t\t<div class=\"elementor-widget-container\">\n\t\t\t\t\t<h2 class=\"elementor-heading-title elementor-size-default\">When Growth Demands the Right Expertise<\/h2>\t\t\t\t<\/div>\n\t\t\t\t<\/div>\n\t\t\t\t<div class=\"elementor-element elementor-element-4bf86ea elementor-widget elementor-widget-heading\" data-id=\"4bf86ea\" data-element_type=\"widget\" data-widget_type=\"heading.default\">\n\t\t\t\t<div class=\"elementor-widget-container\">\n\t\t\t\t\t<p class=\"elementor-heading-title elementor-size-default\">Strengthen ideas, products, and projects with expert skills when you need them. Recas matches you with buyers for a project, measurement engineers for short-term tasks, or entire teams and business strategy development for larger production initiatives \u2013 on-site, remote, or hybrid.<\/p>\t\t\t\t<\/div>\n\t\t\t\t<\/div>\n\t\t\t\t<\/div>\n\t\t\t\t\t<\/div>\n\t\t\t\t<\/div>\n\t\t<div class=\"elementor-element elementor-element-a1532bb e-grid e-con-boxed e-con e-parent\" data-id=\"a1532bb\" data-element_type=\"container\">\n\t\t\t\t\t<div class=\"e-con-inner\">\n\t\t\t\t<div class=\"elementor-element elementor-element-8f78706 elementor-widget__width-initial elementor-widget elementor-widget-heading\" data-id=\"8f78706\" data-element_type=\"widget\" data-widget_type=\"heading.default\">\n\t\t\t\t<div class=\"elementor-widget-container\">\n\t\t\t\t\t<h1 class=\"elementor-heading-title elementor-size-default\">Solutions That Flex With You<\/h1>\t\t\t\t<\/div>\n\t\t\t\t<\/div>\n\t\t\t\t<div class=\"elementor-element elementor-element-b9d39d2 elementor-widget elementor-widget-heading\" data-id=\"b9d39d2\" data-element_type=\"widget\" data-widget_type=\"heading.default\">\n\t\t\t\t<div class=\"elementor-widget-container\">\n\t\t\t\t\t<p class=\"elementor-heading-title elementor-size-default\">We know that needs can shift quickly as production scales. One day the production line is idle, the next you urgently need a PLC programmer and a quality engineer. Our strength lies in our ability to quickly and flexibly deliver the right expertise.<\/p>\t\t\t\t<\/div>\n\t\t\t\t<\/div>\n\t\t\t\t\t<\/div>\n\t\t\t\t<\/div>\n\t\t<div class=\"elementor-element elementor-element-365793b e-flex e-con-boxed e-con e-parent\" data-id=\"365793b\" data-element_type=\"container\">\n\t\t\t\t\t<div class=\"e-con-inner\">\n\t\t<div class=\"elementor-element elementor-element-4e5f5e5 e-con-full e-grid e-con e-child\" data-id=\"4e5f5e5\" data-element_type=\"container\" data-settings=\"{&quot;background_background&quot;:&quot;classic&quot;}\">\n\t\t\t\t<div class=\"elementor-element elementor-element-f30f891 elementor-widget elementor-widget-heading\" data-id=\"f30f891\" data-element_type=\"widget\" data-widget_type=\"heading.default\">\n\t\t\t\t<div class=\"elementor-widget-container\">\n\t\t\t\t\t<h2 class=\"elementor-heading-title elementor-size-default\">Our Consulting Offer:<\/h2>\t\t\t\t<\/div>\n\t\t\t\t<\/div>\n\t\t\t\t<div class=\"elementor-element elementor-element-d2db86d elementor-icon-list--layout-traditional elementor-list-item-link-full_width elementor-widget elementor-widget-icon-list\" data-id=\"d2db86d\" data-element_type=\"widget\" data-widget_type=\"icon-list.default\">\n\t\t\t\t<div class=\"elementor-widget-container\">\n\t\t\t\t\t\t\t<ul class=\"elementor-icon-list-items\">\n\t\t\t\t\t\t\t<li class=\"elementor-icon-list-item\">\n\t\t\t\t\t\t\t\t\t\t<span class=\"elementor-icon-list-text\">Engineering, production, and IT consultants<\/span>\n\t\t\t\t\t\t\t\t\t<\/li>\n\t\t\t\t\t\t\t\t<li class=\"elementor-icon-list-item\">\n\t\t\t\t\t\t\t\t\t\t<span class=\"elementor-icon-list-text\">Project managers, specialists, and developers<\/span>\n\t\t\t\t\t\t\t\t\t<\/li>\n\t\t\t\t\t\t\t\t<li class=\"elementor-icon-list-item\">\n\t\t\t\t\t\t\t\t\t\t<span class=\"elementor-icon-list-text\">Support in HR, administration, communications, and finance<\/span>\n\t\t\t\t\t\t\t\t\t<\/li>\n\t\t\t\t\t\t\t\t<li class=\"elementor-icon-list-item\">\n\t\t\t\t\t\t\t\t\t\t<span class=\"elementor-icon-list-text\">Culturally aligned matches<\/span>\n\t\t\t\t\t\t\t\t\t<\/li>\n\t\t\t\t\t\t\t\t<li class=\"elementor-icon-list-item\">\n\t\t\t\t\t\t\t\t\t\t<span class=\"elementor-icon-list-text\">Fast and effective processes<\/span>\n\t\t\t\t\t\t\t\t\t<\/li>\n\t\t\t\t\t\t<\/ul>\n\t\t\t\t\t\t<\/div>\n\t\t\t\t<\/div>\n\t\t\t\t<\/div>\n\t\t\t\t\t<\/div>\n\t\t\t\t<\/div>\n\t\t<div class=\"elementor-element elementor-element-bfc4b95 e-flex e-con-boxed e-con e-parent\" data-id=\"bfc4b95\" data-element_type=\"container\">\n\t\t\t\t\t<div class=\"e-con-inner\">\n\t\t<div class=\"elementor-element elementor-element-ae939da e-con-full e-grid e-con e-child\" data-id=\"ae939da\" data-element_type=\"container\">\n\t\t\t\t<div class=\"elementor-element elementor-element-16f2ac0 elementor-widget elementor-widget-heading\" data-id=\"16f2ac0\" data-element_type=\"widget\" data-widget_type=\"heading.default\">\n\t\t\t\t<div class=\"elementor-widget-container\">\n\t\t\t\t\t<h2 class=\"elementor-heading-title elementor-size-default\">A Recas Consultant Is Always:<\/h2>\t\t\t\t<\/div>\n\t\t\t\t<\/div>\n\t\t\t\t<div class=\"elementor-element elementor-element-e9b9d8a elementor-icon-list--layout-traditional elementor-list-item-link-full_width elementor-widget elementor-widget-icon-list\" data-id=\"e9b9d8a\" data-element_type=\"widget\" data-widget_type=\"icon-list.default\">\n\t\t\t\t<div class=\"elementor-widget-container\">\n\t\t\t\t\t\t\t<ul class=\"elementor-icon-list-items\">\n\t\t\t\t\t\t\t<li class=\"elementor-icon-list-item\">\n\t\t\t\t\t\t\t\t\t\t<span class=\"elementor-icon-list-text\">Technically skilled<\/span>\n\t\t\t\t\t\t\t\t\t<\/li>\n\t\t\t\t\t\t\t\t<li class=\"elementor-icon-list-item\">\n\t\t\t\t\t\t\t\t\t\t<span class=\"elementor-icon-list-text\">Confident in change<\/span>\n\t\t\t\t\t\t\t\t\t<\/li>\n\t\t\t\t\t\t\t\t<li class=\"elementor-icon-list-item\">\n\t\t\t\t\t\t\t\t\t\t<span class=\"elementor-icon-list-text\">Curious and solution-oriented<\/span>\n\t\t\t\t\t\t\t\t\t<\/li>\n\t\t\t\t\t\t<\/ul>\n\t\t\t\t\t\t<\/div>\n\t\t\t\t<\/div>\n\t\t\t\t<div class=\"elementor-element elementor-element-2bfb49a elementor-icon-list--layout-traditional elementor-list-item-link-full_width elementor-widget elementor-widget-icon-list\" data-id=\"2bfb49a\" data-element_type=\"widget\" data-widget_type=\"icon-list.default\">\n\t\t\t\t<div class=\"elementor-widget-container\">\n\t\t\t\t\t\t\t<ul class=\"elementor-icon-list-items\">\n\t\t\t\t\t\t\t<li class=\"elementor-icon-list-item\">\n\t\t\t\t\t\t\t\t\t\t<span class=\"elementor-icon-list-text\">Experienced in hands-on contribution<\/span>\n\t\t\t\t\t\t\t\t\t<\/li>\n\t\t\t\t\t\t\t\t<li class=\"elementor-icon-list-item\">\n\t\t\t\t\t\t\t\t\t\t<span class=\"elementor-icon-list-text\">Part of a bigger team<\/span>\n\t\t\t\t\t\t\t\t\t<\/li>\n\t\t\t\t\t\t<\/ul>\n\t\t\t\t\t\t<\/div>\n\t\t\t\t<\/div>\n\t\t\t\t<\/div>\n\t\t\t\t\t<\/div>\n\t\t\t\t<\/div>\n\t\t<div class=\"elementor-element elementor-element-7e36186 e-con-full e-flex e-con e-parent\" data-id=\"7e36186\" data-element_type=\"container\" data-settings=\"{&quot;background_background&quot;:&quot;classic&quot;}\">\n\t\t\t\t<div class=\"elementor-element elementor-element-e101da0 elementor-widget elementor-widget-shortcode\" data-id=\"e101da0\" data-element_type=\"widget\" data-widget_type=\"shortcode.default\">\n\t\t\t\t<div class=\"elementor-widget-container\">\n\t\t\t\t\t\t\t<div class=\"elementor-shortcode\">\t\t<div data-elementor-type=\"container\" data-elementor-id=\"1052\" class=\"elementor elementor-1052\" data-elementor-post-type=\"elementor_library\">\n\t\t\t\t<div class=\"elementor-element elementor-element-4d8d352 e-flex e-con-boxed e-con e-parent\" data-id=\"4d8d352\" data-element_type=\"container\">\n\t\t\t\t\t<div class=\"e-con-inner\">\n\t\t\t\t<div class=\"elementor-element elementor-element-bca6df7 elementor-widget elementor-widget-heading\" data-id=\"bca6df7\" data-element_type=\"widget\" data-widget_type=\"heading.default\">\n\t\t\t\t<div class=\"elementor-widget-container\">\n\t\t\t\t\t<h2 class=\"elementor-heading-title elementor-size-default\">L\u00f6s mina produktionsutmaningar<\/h2>\t\t\t\t<\/div>\n\t\t\t\t<\/div>\n\t\t\t\t<div class=\"elementor-element elementor-element-1ff7f3c elementor-align-center elementor-invisible elementor-widget elementor-widget-button\" data-id=\"1ff7f3c\" data-element_type=\"widget\" data-settings=\"{&quot;_animation&quot;:&quot;fadeInUp&quot;,&quot;_animation_delay&quot;:200}\" data-widget_type=\"button.default\">\n\t\t\t\t<div class=\"elementor-widget-container\">\n\t\t\t\t\t\t\t\t\t<div class=\"elementor-button-wrapper\">\n\t\t\t\t\t<a class=\"elementor-button elementor-button-link elementor-size-sm\" href=\"https:\/\/recas.dragster.digital\/en\/contact\/\">\n\t\t\t\t\t\t<span class=\"elementor-button-content-wrapper\">\n\t\t\t\t\t\t\t\t\t<span class=\"elementor-button-text\">Kontakta oss<\/span>\n\t\t\t\t\t<\/span>\n\t\t\t\t\t<\/a>\n\t\t\t\t<\/div>\n\t\t\t\t\t\t\t\t<\/div>\n\t\t\t\t<\/div>\n\t\t\t\t\t<\/div>\n\t\t\t\t<\/div>\n\t\t\t\t<\/div>\n\t\t<\/div>\n\t\t\t\t\t\t<\/div>\n\t\t\t\t<\/div>\n\t\t\t\t<\/div>\n\t\t\t\t<\/div>\n\t\t","protected":false},"excerpt":{"rendered":"<p>When Growth Demands the Right Expertise Strengthen ideas, products, and projects with expert skills when you need them. Recas matches you with buyers for a project, measurement engineers for short-term tasks, or entire teams and business strategy development for larger production initiatives \u2013 on-site, remote, or hybrid. Solutions That Flex With You We know that [&hellip;]<\/p>\n","protected":false},"author":1,"featured_media":5859,"parent":5977,"menu_order":7,"comment_status":"closed","ping_status":"closed","template":"","meta":{"_acf_changed":false,"footnotes":""},"class_list":["post-6007","page","type-page","status-publish","has-post-thumbnail","hentry"],"acf":[],"yoast_head":"<!-- This site is optimized with the Yoast SEO plugin v25.4 - https:\/\/yoast.com\/wordpress\/plugins\/seo\/ -->\n<title>Consulting - Recas<\/title>\n<meta name=\"description\" content=\"Reca&#039;s flexible and scalable consulting offering strengthens the industry&#039;s competitiveness with expertise in technology, production, automation and IT.\" \/>\n<meta name=\"robots\" content=\"noindex, follow, max-snippet:-1, max-image-preview:large, max-video-preview:-1\" \/>\n<meta property=\"og:locale\" content=\"en_US\" \/>\n<meta property=\"og:type\" content=\"article\" \/>\n<meta property=\"og:title\" content=\"Consulting - Recas\" \/>\n<meta property=\"og:description\" content=\"Reca&#039;s flexible and scalable consulting offering strengthens the industry&#039;s competitiveness with expertise in technology, production, automation and IT.\" \/>\n<meta property=\"og:url\" content=\"https:\/\/recas.dragster.digital\/en\/services\/consulting\/\" \/>\n<meta property=\"og:site_name\" content=\"Recas\" \/>\n<meta property=\"article:modified_time\" content=\"2025-07-02T17:30:57+00:00\" \/>\n<meta property=\"og:image\" content=\"https:\/\/recas.dragster.digital\/wp-content\/uploads\/2025\/06\/Recas-Tjanster-Consulting-Header-V2.webp\" \/>\n\t<meta property=\"og:image:width\" content=\"1558\" \/>\n\t<meta property=\"og:image:height\" content=\"724\" \/>\n\t<meta property=\"og:image:type\" content=\"image\/webp\" \/>\n<meta name=\"twitter:card\" content=\"summary_large_image\" \/>\n<meta name=\"twitter:label1\" content=\"Est. reading time\" \/>\n\t<meta name=\"twitter:data1\" content=\"1 minute\" \/>\n<script type=\"application\/ld+json\" class=\"yoast-schema-graph\">{\"@context\":\"https:\/\/schema.org\",\"@graph\":[{\"@type\":\"WebPage\",\"@id\":\"https:\/\/recas.dragster.digital\/en\/services\/consulting\/\",\"url\":\"https:\/\/recas.dragster.digital\/en\/services\/consulting\/\",\"name\":\"Consulting - Recas\",\"isPartOf\":{\"@id\":\"https:\/\/recas.dragster.digital\/en\/#website\"},\"primaryImageOfPage\":{\"@id\":\"https:\/\/recas.dragster.digital\/en\/services\/consulting\/#primaryimage\"},\"image\":{\"@id\":\"https:\/\/recas.dragster.digital\/en\/services\/consulting\/#primaryimage\"},\"thumbnailUrl\":\"https:\/\/recas.dragster.digital\/wp-content\/uploads\/2025\/06\/Recas-Tjanster-Consulting-Header-V2.webp\",\"datePublished\":\"2025-06-26T10:46:21+00:00\",\"dateModified\":\"2025-07-02T17:30:57+00:00\",\"description\":\"Reca's flexible and scalable consulting offering strengthens the industry's competitiveness with expertise in technology, production, automation and IT.\",\"breadcrumb\":{\"@id\":\"https:\/\/recas.dragster.digital\/en\/services\/consulting\/#breadcrumb\"},\"inLanguage\":\"en-US\",\"potentialAction\":[{\"@type\":\"ReadAction\",\"target\":[\"https:\/\/recas.dragster.digital\/en\/services\/consulting\/\"]}]},{\"@type\":\"ImageObject\",\"inLanguage\":\"en-US\",\"@id\":\"https:\/\/recas.dragster.digital\/en\/services\/consulting\/#primaryimage\",\"url\":\"https:\/\/recas.dragster.digital\/wp-content\/uploads\/2025\/06\/Recas-Tjanster-Consulting-Header-V2.webp\",\"contentUrl\":\"https:\/\/recas.dragster.digital\/wp-content\/uploads\/2025\/06\/Recas-Tjanster-Consulting-Header-V2.webp\",\"width\":1558,\"height\":724,\"caption\":\"Bild p\u00e5 man i f\u00f6rd recas-tr\u00f6ja pekandes p\u00e5 sin dator d\u00e4r han visar sin kollega n\u00e5got.\"},{\"@type\":\"BreadcrumbList\",\"@id\":\"https:\/\/recas.dragster.digital\/en\/services\/consulting\/#breadcrumb\",\"itemListElement\":[{\"@type\":\"ListItem\",\"position\":1,\"name\":\"Home\",\"item\":\"https:\/\/recas.dragster.digital\/en\/home\/\"},{\"@type\":\"ListItem\",\"position\":2,\"name\":\"Services\",\"item\":\"https:\/\/recas.dragster.digital\/en\/services\/\"},{\"@type\":\"ListItem\",\"position\":3,\"name\":\"Consulting\"}]},{\"@type\":\"WebSite\",\"@id\":\"https:\/\/recas.dragster.digital\/en\/#website\",\"url\":\"https:\/\/recas.dragster.digital\/en\/\",\"name\":\"Recas\",\"description\":\"\",\"publisher\":{\"@id\":\"https:\/\/recas.dragster.digital\/en\/#organization\"},\"potentialAction\":[{\"@type\":\"SearchAction\",\"target\":{\"@type\":\"EntryPoint\",\"urlTemplate\":\"https:\/\/recas.dragster.digital\/en\/?s={search_term_string}\"},\"query-input\":{\"@type\":\"PropertyValueSpecification\",\"valueRequired\":true,\"valueName\":\"search_term_string\"}}],\"inLanguage\":\"en-US\"},{\"@type\":\"Organization\",\"@id\":\"https:\/\/recas.dragster.digital\/en\/#organization\",\"name\":\"Recas\",\"url\":\"https:\/\/recas.dragster.digital\/en\/\",\"logo\":{\"@type\":\"ImageObject\",\"inLanguage\":\"en-US\",\"@id\":\"https:\/\/recas.dragster.digital\/en\/#\/schema\/logo\/image\/\",\"url\":\"https:\/\/recas.dragster.digital\/wp-content\/uploads\/2025\/06\/Recas-logo-primary.png\",\"contentUrl\":\"https:\/\/recas.dragster.digital\/wp-content\/uploads\/2025\/06\/Recas-logo-primary.png\",\"width\":634,\"height\":105,\"caption\":\"Recas\"},\"image\":{\"@id\":\"https:\/\/recas.dragster.digital\/en\/#\/schema\/logo\/image\/\"}}]}<\/script>\n<!-- \/ Yoast SEO plugin. -->","yoast_head_json":{"title":"Consulting - Recas","description":"Reca's flexible and scalable consulting offering strengthens the industry's competitiveness with expertise in technology, production, automation and IT.","robots":{"index":"noindex","follow":"follow","max-snippet":"max-snippet:-1","max-image-preview":"max-image-preview:large","max-video-preview":"max-video-preview:-1"},"og_locale":"en_US","og_type":"article","og_title":"Consulting - Recas","og_description":"Reca's flexible and scalable consulting offering strengthens the industry's competitiveness with expertise in technology, production, automation and IT.","og_url":"https:\/\/recas.dragster.digital\/en\/services\/consulting\/","og_site_name":"Recas","article_modified_time":"2025-07-02T17:30:57+00:00","og_image":[{"width":1558,"height":724,"url":"https:\/\/recas.dragster.digital\/wp-content\/uploads\/2025\/06\/Recas-Tjanster-Consulting-Header-V2.webp","type":"image\/webp"}],"twitter_card":"summary_large_image","twitter_misc":{"Est. reading time":"1 minute"},"schema":{"@context":"https:\/\/schema.org","@graph":[{"@type":"WebPage","@id":"https:\/\/recas.dragster.digital\/en\/services\/consulting\/","url":"https:\/\/recas.dragster.digital\/en\/services\/consulting\/","name":"Consulting - Recas","isPartOf":{"@id":"https:\/\/recas.dragster.digital\/en\/#website"},"primaryImageOfPage":{"@id":"https:\/\/recas.dragster.digital\/en\/services\/consulting\/#primaryimage"},"image":{"@id":"https:\/\/recas.dragster.digital\/en\/services\/consulting\/#primaryimage"},"thumbnailUrl":"https:\/\/recas.dragster.digital\/wp-content\/uploads\/2025\/06\/Recas-Tjanster-Consulting-Header-V2.webp","datePublished":"2025-06-26T10:46:21+00:00","dateModified":"2025-07-02T17:30:57+00:00","description":"Reca's flexible and scalable consulting offering strengthens the industry's competitiveness with expertise in technology, production, automation and IT.","breadcrumb":{"@id":"https:\/\/recas.dragster.digital\/en\/services\/consulting\/#breadcrumb"},"inLanguage":"en-US","potentialAction":[{"@type":"ReadAction","target":["https:\/\/recas.dragster.digital\/en\/services\/consulting\/"]}]},{"@type":"ImageObject","inLanguage":"en-US","@id":"https:\/\/recas.dragster.digital\/en\/services\/consulting\/#primaryimage","url":"https:\/\/recas.dragster.digital\/wp-content\/uploads\/2025\/06\/Recas-Tjanster-Consulting-Header-V2.webp","contentUrl":"https:\/\/recas.dragster.digital\/wp-content\/uploads\/2025\/06\/Recas-Tjanster-Consulting-Header-V2.webp","width":1558,"height":724,"caption":"Bild p\u00e5 man i f\u00f6rd recas-tr\u00f6ja pekandes p\u00e5 sin dator d\u00e4r han visar sin kollega n\u00e5got."},{"@type":"BreadcrumbList","@id":"https:\/\/recas.dragster.digital\/en\/services\/consulting\/#breadcrumb","itemListElement":[{"@type":"ListItem","position":1,"name":"Home","item":"https:\/\/recas.dragster.digital\/en\/home\/"},{"@type":"ListItem","position":2,"name":"Services","item":"https:\/\/recas.dragster.digital\/en\/services\/"},{"@type":"ListItem","position":3,"name":"Consulting"}]},{"@type":"WebSite","@id":"https:\/\/recas.dragster.digital\/en\/#website","url":"https:\/\/recas.dragster.digital\/en\/","name":"Recas","description":"","publisher":{"@id":"https:\/\/recas.dragster.digital\/en\/#organization"},"potentialAction":[{"@type":"SearchAction","target":{"@type":"EntryPoint","urlTemplate":"https:\/\/recas.dragster.digital\/en\/?s={search_term_string}"},"query-input":{"@type":"PropertyValueSpecification","valueRequired":true,"valueName":"search_term_string"}}],"inLanguage":"en-US"},{"@type":"Organization","@id":"https:\/\/recas.dragster.digital\/en\/#organization","name":"Recas","url":"https:\/\/recas.dragster.digital\/en\/","logo":{"@type":"ImageObject","inLanguage":"en-US","@id":"https:\/\/recas.dragster.digital\/en\/#\/schema\/logo\/image\/","url":"https:\/\/recas.dragster.digital\/wp-content\/uploads\/2025\/06\/Recas-logo-primary.png","contentUrl":"https:\/\/recas.dragster.digital\/wp-content\/uploads\/2025\/06\/Recas-logo-primary.png","width":634,"height":105,"caption":"Recas"},"image":{"@id":"https:\/\/recas.dragster.digital\/en\/#\/schema\/logo\/image\/"}}]}},"_links":{"self":[{"href":"https:\/\/recas.dragster.digital\/en\/wp-json\/wp\/v2\/pages\/6007","targetHints":{"allow":["GET"]}}],"collection":[{"href":"https:\/\/recas.dragster.digital\/en\/wp-json\/wp\/v2\/pages"}],"about":[{"href":"https:\/\/recas.dragster.digital\/en\/wp-json\/wp\/v2\/types\/page"}],"author":[{"embeddable":true,"href":"https:\/\/recas.dragster.digital\/en\/wp-json\/wp\/v2\/users\/1"}],"replies":[{"embeddable":true,"href":"https:\/\/recas.dragster.digital\/en\/wp-json\/wp\/v2\/comments?post=6007"}],"version-history":[{"count":2,"href":"https:\/\/recas.dragster.digital\/en\/wp-json\/wp\/v2\/pages\/6007\/revisions"}],"predecessor-version":[{"id":6009,"href":"https:\/\/recas.dragster.digital\/en\/wp-json\/wp\/v2\/pages\/6007\/revisions\/6009"}],"up":[{"embeddable":true,"href":"https:\/\/recas.dragster.digital\/en\/wp-json\/wp\/v2\/pages\/5977"}],"wp:featuredmedia":[{"embeddable":true,"href":"https:\/\/recas.dragster.digital\/en\/wp-json\/wp\/v2\/media\/5859"}],"wp:attachment":[{"href":"https:\/\/recas.dragster.digital\/en\/wp-json\/wp\/v2\/media?parent=6007"}],"curies":[{"name":"wp","href":"https:\/\/api.w.org\/{rel}","templated":true}]}}